{"id":60,"date":"2017-02-17T14:36:55","date_gmt":"2017-02-17T13:36:55","guid":{"rendered":"http:\/\/apitri.fr\/?page_id=60"},"modified":"2021-09-13T13:55:25","modified_gmt":"2021-09-13T11:55:25","slug":"calendrier-de-la-saison-sportives-et-des-evenements","status":"publish","type":"page","link":"https:\/\/apitri.fr\/index.php\/calendrier-de-la-saison-sportives-et-des-evenements\/","title":{"rendered":"XX"},"content":{"rendered":"<p><strong>Triathlons<\/strong><\/p>\n<p>http:\/\/www.fftri.com\/calendrier-des-epreuves-nationales-2018<\/p>\n<p>http:\/\/triathlon-rhonealpes.onlinetri.com\/index.php?page_id=14583&#038;news_id=60253<\/p>\n<p><a href=\"http:\/\/apitri.fr\/wp-content\/uploads\/2018\/01\/Calendrier_Manifestations_en_Rhone_Alpes_2018.pdf\">Calendrier_Manifestations_en_Rhone_Alpes_2018<\/a><\/p>\n<p><strong>Running<\/strong><\/p>\n<p>https:\/\/www.calendrier.dusportif.fr\/course-routes-rhone-alpes-4<\/p>\n<p>https:\/\/runningmap.org\/course-a-pied\/france\/region\/rhone-alpes-22<\/p>\n<p><strong>Sport Nature<\/strong> (Trails, raids multisports, randonn\u00e9es p\u00e9destres ou VTT, course \u00e0 obstacles, Run and Bike, Canicross)<\/p>\n<blockquote class=\"wp-embedded-content\" data-secret=\"h2DxDhyfCx\"><p><a href=\"https:\/\/www.sport-nature.net\/sorties-sport\/auvergne-rhone-alpes\/\">Les \u00e9v\u00e9nements sportifs en Auvergne-Rh\u00f4ne-Alpes<\/a><\/p><\/blockquote>\n<p><iframe title=\"\u00ab\u00a0Les \u00e9v\u00e9nements sportifs en Auvergne-Rh\u00f4ne-Alpes\u00a0\u00bb &#8212; CALENDRIER DU SPORT NATURE\" class=\"wp-embedded-content\" sandbox=\"allow-scripts\" security=\"restricted\" style=\"position: absolute; clip: rect(1px, 1px, 1px, 1px);\" src=\"https:\/\/www.sport-nature.net\/sorties-sport\/auvergne-rhone-alpes\/embed\/#?secret=h2DxDhyfCx\" data-secret=\"h2DxDhyfCx\" width=\"600\" height=\"338\" frameborder=\"0\" marginwidth=\"0\" marginheight=\"0\" scrolling=\"no\"><\/iframe><\/p>\n<blockquote class=\"wp-embedded-content\" data-secret=\"KL7nZ6ntGv\"><p><a href=\"https:\/\/www.sport-nature.net\/trail\/auvergne-rhone-alpes\/\">Trail en Auvergne-Rh\u00f4ne-Alpes<\/a><\/p><\/blockquote>\n<p><iframe title=\"\u00ab\u00a0Trail en Auvergne-Rh\u00f4ne-Alpes\u00a0\u00bb &#8212; CALENDRIER DU SPORT NATURE\" class=\"wp-embedded-content\" sandbox=\"allow-scripts\" security=\"restricted\" style=\"position: absolute; clip: rect(1px, 1px, 1px, 1px);\" src=\"https:\/\/www.sport-nature.net\/trail\/auvergne-rhone-alpes\/embed\/#?secret=KL7nZ6ntGv\" data-secret=\"KL7nZ6ntGv\" width=\"600\" height=\"338\" frameborder=\"0\" marginwidth=\"0\" marginheight=\"0\" scrolling=\"no\"><\/iframe><\/p>\n<p><strong>Eau Libre<\/strong><\/p>\n<p>https:\/\/www.calendrier.dusportif.fr\/natation-rhone-alpes-4<\/p>\n<p>&nbsp;<\/p>\n","protected":false},"excerpt":{"rendered":"<p>Triathlons http:\/\/www.fftri.com\/calendrier-des-epreuves-nationales-2018 http:\/\/triathlon-rhonealpes.onlinetri.com\/index.php?page_id=14583&#038;news_id=60253 Calendrier_Manifestations_en_Rhone_Alpes_2018 Running https:\/\/www.calendrier.dusportif.fr\/course-routes-rhone-alpes-4 https:\/\/runningmap.org\/course-a-pied\/france\/region\/rhone-alpes-22 Sport Nature (Trails, raids multisports, randonn\u00e9es p\u00e9destres ou VTT, course \u00e0 obstacles, Run and Bike, Canicross) Les \u00e9v\u00e9nements sportifs en Auvergne-Rh\u00f4ne-Alpes Trail en Auvergne-Rh\u00f4ne-Alpes Eau Libre https:\/\/www.calendrier.dusportif.fr\/natation-rhone-alpes-4 &nbsp;<\/p>\n","protected":false},"author":1,"featured_media":0,"parent":0,"menu_order":0,"comment_status":"closed","ping_status":"closed","template":"","meta":{"_bbp_topic_count":0,"_bbp_reply_count":0,"_bbp_total_topic_count":0,"_bbp_total_reply_count":0,"_bbp_voice_count":0,"_bbp_anonymous_reply_count":0,"_bbp_topic_count_hidden":0,"_bbp_reply_count_hidden":0,"_bbp_forum_subforum_count":0,"neve_meta_sidebar":"","neve_meta_container":"","neve_meta_enable_content_width":"","neve_meta_content_width":0,"neve_meta_title_alignment":"","neve_meta_author_avatar":"","neve_post_elements_order":"","neve_meta_disable_header":"","neve_meta_disable_footer":"","neve_meta_disable_title":""},"_links":{"self":[{"href":"https:\/\/apitri.fr\/index.php\/wp-json\/wp\/v2\/pages\/60"}],"collection":[{"href":"https:\/\/apitri.fr\/index.php\/wp-json\/wp\/v2\/pages"}],"about":[{"href":"https:\/\/apitri.fr\/index.php\/wp-json\/wp\/v2\/types\/page"}],"author":[{"embeddable":true,"href":"https:\/\/apitri.fr\/index.php\/wp-json\/wp\/v2\/users\/1"}],"replies":[{"embeddable":true,"href":"https:\/\/apitri.fr\/index.php\/wp-json\/wp\/v2\/comments?post=60"}],"version-history":[{"count":9,"href":"https:\/\/apitri.fr\/index.php\/wp-json\/wp\/v2\/pages\/60\/revisions"}],"predecessor-version":[{"id":3035,"href":"https:\/\/apitri.fr\/index.php\/wp-json\/wp\/v2\/pages\/60\/revisions\/3035"}],"wp:attachment":[{"href":"https:\/\/apitri.fr\/index.php\/wp-json\/wp\/v2\/media?parent=60"}],"curies":[{"name":"wp","href":"https:\/\/api.w.org\/{rel}","templated":true}]}}