{"id":34,"date":"2017-02-17T14:12:53","date_gmt":"2017-02-17T13:12:53","guid":{"rendered":"http:\/\/apitri.fr\/?page_id=34"},"modified":"2021-09-13T13:54:59","modified_gmt":"2021-09-13T11:54:59","slug":"calendrier","status":"publish","type":"page","link":"https:\/\/apitri.fr\/index.php\/calendrier\/","title":{"rendered":"XX"},"content":{"rendered":"<p>Dans cette rubrique, API Tri vous propose un calendrier des comp\u00e9titions qui pourrait int\u00e9resser les API-triathl\u00e8tes ainsi que les infos des comp\u00e9titions qui auront lieu pr\u00e8s de chez nous<\/p>\n<p>De plus, vous y trouverez des informations sur les entrainements<\/p>\n","protected":false},"excerpt":{"rendered":"<p>Dans cette rubrique, API Tri vous propose un calendrier des comp\u00e9titions qui pourrait int\u00e9resser les API-triathl\u00e8tes ainsi que les infos des comp\u00e9titions qui auront lieu pr\u00e8s de chez nous De plus, vous y trouverez des informations sur les entrainements<\/p>\n","protected":false},"author":1,"featured_media":0,"parent":0,"menu_order":0,"comment_status":"closed","ping_status":"closed","template":"elementor_header_footer","meta":{"_bbp_topic_count":0,"_bbp_reply_count":0,"_bbp_total_topic_count":0,"_bbp_total_reply_count":0,"_bbp_voice_count":0,"_bbp_anonymous_reply_count":0,"_bbp_topic_count_hidden":0,"_bbp_reply_count_hidden":0,"_bbp_forum_subforum_count":0,"neve_meta_sidebar":"","neve_meta_container":"","neve_meta_enable_content_width":"","neve_meta_content_width":0,"neve_meta_title_alignment":"","neve_meta_author_avatar":"","neve_post_elements_order":"","neve_meta_disable_header":"","neve_meta_disable_footer":"","neve_meta_disable_title":""},"_links":{"self":[{"href":"https:\/\/apitri.fr\/index.php\/wp-json\/wp\/v2\/pages\/34"}],"collection":[{"href":"https:\/\/apitri.fr\/index.php\/wp-json\/wp\/v2\/pages"}],"about":[{"href":"https:\/\/apitri.fr\/index.php\/wp-json\/wp\/v2\/types\/page"}],"author":[{"embeddable":true,"href":"https:\/\/apitri.fr\/index.php\/wp-json\/wp\/v2\/users\/1"}],"replies":[{"embeddable":true,"href":"https:\/\/apitri.fr\/index.php\/wp-json\/wp\/v2\/comments?post=34"}],"version-history":[{"count":8,"href":"https:\/\/apitri.fr\/index.php\/wp-json\/wp\/v2\/pages\/34\/revisions"}],"predecessor-version":[{"id":3034,"href":"https:\/\/apitri.fr\/index.php\/wp-json\/wp\/v2\/pages\/34\/revisions\/3034"}],"wp:attachment":[{"href":"https:\/\/apitri.fr\/index.php\/wp-json\/wp\/v2\/media?parent=34"}],"curies":[{"name":"wp","href":"https:\/\/api.w.org\/{rel}","templated":true}]}}