{"id":224,"date":"2017-02-27T11:03:49","date_gmt":"2017-02-27T10:03:49","guid":{"rendered":"http:\/\/apitri.fr\/?page_id=224"},"modified":"2025-09-05T13:56:40","modified_gmt":"2025-09-05T11:56:40","slug":"inscription","status":"publish","type":"page","link":"https:\/\/apitri.fr\/index.php\/inscription\/","title":{"rendered":"Inscription"},"content":{"rendered":"\t\t<div data-elementor-type=\"wp-page\" data-elementor-id=\"224\" class=\"elementor elementor-224\" data-elementor-settings=\"[]\">\n\t\t\t\t\t\t<div class=\"elementor-inner\">\n\t\t\t\t\t\t\t<div class=\"elementor-section-wrap\">\n\t\t\t\t\t\t\t<section class=\"elementor-section elementor-top-section elementor-element elementor-element-c27c655 elementor-section-boxed elementor-section-height-default elementor-section-height-default\" data-id=\"c27c655\" data-element_type=\"section\">\n\t\t\t\t\t\t<div class=\"elementor-container elementor-column-gap-default\">\n\t\t\t\t\t\t\t<div class=\"elementor-row\">\n\t\t\t\t\t<div class=\"elementor-column elementor-col-100 elementor-top-column elementor-element elementor-element-cc54cda\" data-id=\"cc54cda\" data-element_type=\"column\">\n\t\t\t<div class=\"elementor-column-wrap elementor-element-populated\">\n\t\t\t\t\t\t\t<div class=\"elementor-widget-wrap\">\n\t\t\t\t\t\t<div class=\"elementor-element elementor-element-83b0e51 elementor-widget elementor-widget-spacer\" data-id=\"83b0e51\" data-element_type=\"widget\" data-widget_type=\"spacer.default\">\n\t\t\t\t<div class=\"elementor-widget-container\">\n\t\t\t\t\t<div class=\"elementor-spacer\">\n\t\t\t<div class=\"elementor-spacer-inner\"><\/div>\n\t\t<\/div>\n\t\t\t\t<\/div>\n\t\t\t\t<\/div>\n\t\t\t\t\t\t<\/div>\n\t\t\t\t\t<\/div>\n\t\t<\/div>\n\t\t\t\t\t\t\t\t<\/div>\n\t\t\t\t\t<\/div>\n\t\t<\/section>\n\t\t\t\t<section class=\"elementor-section elementor-top-section elementor-element elementor-element-5e07fa0 elementor-section-boxed elementor-section-height-default elementor-section-height-default\" data-id=\"5e07fa0\" data-element_type=\"section\">\n\t\t\t\t\t\t<div class=\"elementor-container elementor-column-gap-default\">\n\t\t\t\t\t\t\t<div class=\"elementor-row\">\n\t\t\t\t\t<div class=\"elementor-column elementor-col-100 elementor-top-column elementor-element elementor-element-2c41a78\" data-id=\"2c41a78\" data-element_type=\"column\">\n\t\t\t<div class=\"elementor-column-wrap elementor-element-populated\">\n\t\t\t\t\t\t\t<div class=\"elementor-widget-wrap\">\n\t\t\t\t\t\t<div class=\"elementor-element elementor-element-c348cd3 elementor-widget elementor-widget-heading\" data-id=\"c348cd3\" data-element_type=\"widget\" data-widget_type=\"heading.default\">\n\t\t\t\t<div class=\"elementor-widget-container\">\n\t\t\t<h2 class=\"elementor-heading-title elementor-size-default\">ADHESION<\/h2>\t\t<\/div>\n\t\t\t\t<\/div>\n\t\t\t\t\t\t<\/div>\n\t\t\t\t\t<\/div>\n\t\t<\/div>\n\t\t\t\t\t\t\t\t<\/div>\n\t\t\t\t\t<\/div>\n\t\t<\/section>\n\t\t\t\t<section class=\"elementor-section elementor-top-section elementor-element elementor-element-bfadfd1 elementor-section-boxed elementor-section-height-default elementor-section-height-default\" data-id=\"bfadfd1\" data-element_type=\"section\">\n\t\t\t\t\t\t<div class=\"elementor-container elementor-column-gap-default\">\n\t\t\t\t\t\t\t<div class=\"elementor-row\">\n\t\t\t\t\t<div class=\"elementor-column elementor-col-100 elementor-top-column elementor-element elementor-element-3862a86\" data-id=\"3862a86\" data-element_type=\"column\">\n\t\t\t<div class=\"elementor-column-wrap elementor-element-populated\">\n\t\t\t\t\t\t\t<div class=\"elementor-widget-wrap\">\n\t\t\t\t\t\t<div class=\"elementor-element elementor-element-33f9f76 elementor-widget elementor-widget-spacer\" data-id=\"33f9f76\" data-element_type=\"widget\" data-widget_type=\"spacer.default\">\n\t\t\t\t<div class=\"elementor-widget-container\">\n\t\t\t\t\t<div class=\"elementor-spacer\">\n\t\t\t<div class=\"elementor-spacer-inner\"><\/div>\n\t\t<\/div>\n\t\t\t\t<\/div>\n\t\t\t\t<\/div>\n\t\t\t\t\t\t<\/div>\n\t\t\t\t\t<\/div>\n\t\t<\/div>\n\t\t\t\t\t\t\t\t<\/div>\n\t\t\t\t\t<\/div>\n\t\t<\/section>\n\t\t\t\t<section class=\"elementor-section elementor-top-section elementor-element elementor-element-5f20c9ec elementor-section-boxed elementor-section-height-default elementor-section-height-default\" data-id=\"5f20c9ec\" data-element_type=\"section\">\n\t\t\t\t\t\t<div class=\"elementor-container elementor-column-gap-default\">\n\t\t\t\t\t\t\t<div class=\"elementor-row\">\n\t\t\t\t\t<div class=\"elementor-column elementor-col-100 elementor-top-column elementor-element elementor-element-4abc878f\" data-id=\"4abc878f\" data-element_type=\"column\">\n\t\t\t<div class=\"elementor-column-wrap elementor-element-populated\">\n\t\t\t\t\t\t\t<div class=\"elementor-widget-wrap\">\n\t\t\t\t\t\t<section class=\"elementor-section elementor-inner-section elementor-element elementor-element-e6b9a97 elementor-section-boxed elementor-section-height-default elementor-section-height-default\" data-id=\"e6b9a97\" data-element_type=\"section\">\n\t\t\t\t\t\t<div class=\"elementor-container elementor-column-gap-default\">\n\t\t\t\t\t\t\t<div class=\"elementor-row\">\n\t\t\t\t\t<div class=\"elementor-column elementor-col-50 elementor-inner-column elementor-element elementor-element-8519223\" data-id=\"8519223\" data-element_type=\"column\">\n\t\t\t<div class=\"elementor-column-wrap elementor-element-populated\">\n\t\t\t\t\t\t\t<div class=\"elementor-widget-wrap\">\n\t\t\t\t\t\t<div class=\"elementor-element elementor-element-ae5182f elementor-widget elementor-widget-image\" data-id=\"ae5182f\" data-element_type=\"widget\" data-widget_type=\"image.default\">\n\t\t\t\t<div class=\"elementor-widget-container\">\n\t\t\t\t\t<div class=\"elementor-image\">\n\t\t\t\t\t\t\t\t\t\t<img width=\"768\" height=\"1024\" src=\"https:\/\/apitri.fr\/wp-content\/uploads\/2019\/12\/apitri-18-768x1024.jpg\" class=\"attachment-large size-large\" alt=\"\" loading=\"lazy\" srcset=\"https:\/\/apitri.fr\/wp-content\/uploads\/2019\/12\/apitri-18-768x1024.jpg 768w, https:\/\/apitri.fr\/wp-content\/uploads\/2019\/12\/apitri-18-225x300.jpg 225w, https:\/\/apitri.fr\/wp-content\/uploads\/2019\/12\/apitri-18-1152x1536.jpg 1152w, https:\/\/apitri.fr\/wp-content\/uploads\/2019\/12\/apitri-18-1536x2048.jpg 1536w, https:\/\/apitri.fr\/wp-content\/uploads\/2019\/12\/apitri-18-scaled.jpg 1920w\" sizes=\"(max-width: 768px) 100vw, 768px\" \/>\t\t\t\t\t\t\t\t\t\t\t<\/div>\n\t\t\t\t<\/div>\n\t\t\t\t<\/div>\n\t\t\t\t\t\t<\/div>\n\t\t\t\t\t<\/div>\n\t\t<\/div>\n\t\t\t\t<div class=\"elementor-column elementor-col-50 elementor-inner-column elementor-element elementor-element-515eb06\" data-id=\"515eb06\" data-element_type=\"column\">\n\t\t\t<div class=\"elementor-column-wrap elementor-element-populated\">\n\t\t\t\t\t\t\t<div class=\"elementor-widget-wrap\">\n\t\t\t\t\t\t<div class=\"elementor-element elementor-element-d6a7641 elementor-widget elementor-widget-text-editor\" data-id=\"d6a7641\" data-element_type=\"widget\" data-widget_type=\"text-editor.default\">\n\t\t\t\t<div class=\"elementor-widget-container\">\n\t\t\t\t\t<div class=\"elementor-text-editor elementor-clearfix\"><\/div>\n\t\t\t\t<\/div>\n\t\t\t\t<\/div>\n\t\t\t\t<div class=\"elementor-element elementor-element-3619d70 elementor-widget elementor-widget-text-editor\" data-id=\"3619d70\" data-element_type=\"widget\" data-widget_type=\"text-editor.default\">\n\t\t\t\t<div class=\"elementor-widget-container\">\n\t\t\t\t\t<div class=\"elementor-text-editor elementor-clearfix\"><p style=\"text-align: center;\"><strong>Le triple effort te d\u00e9mange ?<\/strong><\/p><p style=\"text-align: center;\">Tu souhaites rejoindre API TRI ?<br \/>Voici le mode d\u2019emploi :<\/p><ul><li><strong>1\u00e8re \u00e9tape<\/strong> : se connecter \u00e0 <a href=\"https:\/\/espacetri.fftri.com\/\" target=\"_blank\" rel=\"noopener\">https:\/\/espacetri.fftri.com\/<\/a> , remplir et signer :<br \/>&#8211; la demande de licence f\u00e9d\u00e9rale<br \/>&#8211; le <strong>formulaire info sant\u00e9<\/strong> pour les majeurs ou le <strong>questionnaire sant\u00e9 attestation mineur <\/strong>(si toutes les r\u00e9ponses sont n\u00e9gatives c\u2019est ok, sinon consulter un m\u00e9decin pour faire un bilan et obtenir un certificat m\u00e9dical)<\/li><li><strong>2\u00e8me \u00e9tape<\/strong> : rendez-vous sur la plateforme <a href=\"https:\/\/www.helloasso.com\/associations\/agglomeration-porte-de-l-isere-triathlon-apitri\" target=\"_blank\" rel=\"noopener\">HELLOASSO<\/a><br \/>&#8211; choisir votre type d\u2019adh\u00e9sion \u00e0 APITRI<br \/>&#8211; remplir votre \u00e9tat civil et joindre les documents demand\u00e9s (demande de licence FFTRI + attestation <a href=\"https:\/\/drive.google.com\/file\/d\/1LMDyB_f6We7hBuZe6MAxfybOidbQt5VF\/view?usp=sharing\" target=\"_blank\" rel=\"noopener\"><strong>autorisation-d\u00e9claration-adh\u00e9sion<\/strong><\/a>)<br \/>&gt;&gt; POUR LES MINEURS :\u00a0demande de licence FFTRI, autorisation test dopage, <a href=\"https:\/\/www.cjoint.com\/doc\/21_08\/KHFogbnKapj_Aut.-par.-sortie-CAP-hors-stade-et-v%C3%A9lo.pdf\" target=\"_blank\" rel=\"noopener\"><strong>autorisation de sortie hors stade et retour v\u00e9lo seu<\/strong>l<\/a>, <strong><a href=\"https:\/\/www.cjoint.com\/doc\/23_08\/MHFtNw25lPL_autorisation-d%C3%A9claration-adh%C3%A9sion.pdf\" target=\"_blank\" rel=\"noopener\">autorisation d\u00e9claration adh\u00e9sion<\/a><\/strong><\/li><li><strong>R\u00e8glement<\/strong> : par CB directement sur le site<\/li><\/ul><p>Au moment de l\u2019inscription sur HELLOASSO par CB. Il est possible de r\u00e9gler en 3 fois, avant le 10 novembre, 10 novembre et 10 d\u00e9cembre<\/p><\/div>\n\t\t\t\t<\/div>\n\t\t\t\t<\/div>\n\t\t\t\t<div class=\"elementor-element elementor-element-dbdbcba elementor-widget elementor-widget-text-editor\" data-id=\"dbdbcba\" data-element_type=\"widget\" data-widget_type=\"text-editor.default\">\n\t\t\t\t<div class=\"elementor-widget-container\">\n\t\t\t\t\t<div class=\"elementor-text-editor elementor-clearfix\"><p style=\"text-align: center;\"><a href=\"https:\/\/drive.google.com\/file\/d\/1LStSQQNdIQUvaAgJhkExpTS6ebPaB8bi\/view?usp=sharing\" target=\"_blank\" rel=\"noopener\"><strong>Entra\u00eenements 2025-2026<\/strong><\/a><\/p><\/div>\n\t\t\t\t<\/div>\n\t\t\t\t<\/div>\n\t\t\t\t\t\t<\/div>\n\t\t\t\t\t<\/div>\n\t\t<\/div>\n\t\t\t\t\t\t\t\t<\/div>\n\t\t\t\t\t<\/div>\n\t\t<\/section>\n\t\t\t\t<div class=\"elementor-element elementor-element-76b75db elementor-widget elementor-widget-text-editor\" data-id=\"76b75db\" data-element_type=\"widget\" data-widget_type=\"text-editor.default\">\n\t\t\t\t<div class=\"elementor-widget-container\">\n\t\t\t\t\t<div class=\"elementor-text-editor elementor-clearfix\"><blockquote><p><a href=\"https:\/\/www.cjoint.com\/doc\/21_08\/KHFod1YbAEj_R%C3%A9glement-int%C3%A9rieur-ApiTri-f%C3%A9vrier-2021.pdf\" target=\"_blank\" rel=\"noopener\">&gt;&gt; R\u00e8glement int\u00e9rieur &lt;&lt;<\/a><\/p><p><a href=\"https:\/\/drive.google.com\/file\/d\/1LMDyB_f6We7hBuZe6MAxfybOidbQt5VF\/view?usp=sharing\" target=\"_blank\" rel=\"noopener\">&gt;&gt;&gt; Autorisation et d\u00e9clarations adh\u00e9sion &lt;&lt;&lt;<\/a><\/p><p><a href=\"https:\/\/www.cjoint.com\/doc\/21_08\/KHFogbnKapj_Aut.-par.-sortie-CAP-hors-stade-et-v%C3%A9lo.pdf\" target=\"_blank\" rel=\"noopener\">&gt;&gt;&gt;&gt; Autorisation de sortie hors stade et retour v\u00e9lo seul (pour les mineurs uniquement) &lt;&lt;&lt;&lt;<\/a><\/p><p><a href=\"https:\/\/www.cjoint.com\/doc\/22_09\/LIhnHPs3URI_D%C3%A9charge-de-responsabilit%C3%A9-2022-2023.pdf\" target=\"_blank\" rel=\"noopener\">&gt;&gt;&gt; D\u00e9charge de responsabilit\u00e9 pour les s\u00e9ances d&rsquo;essai &lt;&lt;&lt;&lt;&lt;<\/a><\/p><p><a href=\"https:\/\/drive.google.com\/file\/d\/1EzhJ69FI71bgJnmo1xMQGzVAwH8P82kT\/view?usp=sharing\" target=\"_blank\" rel=\"noopener\">&gt;&gt;&gt;&gt; TARIFS &lt;&lt;&lt;&lt;<\/a><\/p><\/blockquote><\/div>\n\t\t\t\t<\/div>\n\t\t\t\t<\/div>\n\t\t\t\t\t\t<\/div>\n\t\t\t\t\t<\/div>\n\t\t<\/div>\n\t\t\t\t\t\t\t\t<\/div>\n\t\t\t\t\t<\/div>\n\t\t<\/section>\n\t\t\t\t\t\t<\/div>\n\t\t\t\t\t\t<\/div>\n\t\t\t\t\t<\/div>\n\t\t","protected":false},"excerpt":{"rendered":"<p>ADHESION Le triple effort te d\u00e9mange ? Tu souhaites rejoindre API TRI ?Voici le mode d\u2019emploi : 1\u00e8re \u00e9tape : se connecter \u00e0 https:\/\/espacetri.fftri.com\/ , remplir et signer :&#8211; la demande de licence f\u00e9d\u00e9rale&#8211; le formulaire info sant\u00e9 pour les majeurs ou le questionnaire sant\u00e9 attestation mineur (si toutes les r\u00e9ponses sont n\u00e9gatives c\u2019est ok,&hellip;&nbsp;<a href=\"https:\/\/apitri.fr\/index.php\/inscription\/\" class=\"\" rel=\"bookmark\">Lire la suite &raquo;<span class=\"screen-reader-text\">Inscription<\/span><\/a><\/p>\n","protected":false},"author":1,"featured_media":0,"parent":0,"menu_order":0,"comment_status":"closed","ping_status":"closed","template":"page-templates\/template-pagebuilder-full-width.php","meta":{"_bbp_topic_count":0,"_bbp_reply_count":0,"_bbp_total_topic_count":0,"_bbp_total_reply_count":0,"_bbp_voice_count":0,"_bbp_anonymous_reply_count":0,"_bbp_topic_count_hidden":0,"_bbp_reply_count_hidden":0,"_bbp_forum_subforum_count":0,"neve_meta_sidebar":"","neve_meta_container":"","neve_meta_enable_content_width":"off","neve_meta_content_width":0,"neve_meta_title_alignment":"","neve_meta_author_avatar":"","neve_post_elements_order":"","neve_meta_disable_header":"","neve_meta_disable_footer":"","neve_meta_disable_title":""},"_links":{"self":[{"href":"https:\/\/apitri.fr\/index.php\/wp-json\/wp\/v2\/pages\/224"}],"collection":[{"href":"https:\/\/apitri.fr\/index.php\/wp-json\/wp\/v2\/pages"}],"about":[{"href":"https:\/\/apitri.fr\/index.php\/wp-json\/wp\/v2\/types\/page"}],"author":[{"embeddable":true,"href":"https:\/\/apitri.fr\/index.php\/wp-json\/wp\/v2\/users\/1"}],"replies":[{"embeddable":true,"href":"https:\/\/apitri.fr\/index.php\/wp-json\/wp\/v2\/comments?post=224"}],"version-history":[{"count":127,"href":"https:\/\/apitri.fr\/index.php\/wp-json\/wp\/v2\/pages\/224\/revisions"}],"predecessor-version":[{"id":3997,"href":"https:\/\/apitri.fr\/index.php\/wp-json\/wp\/v2\/pages\/224\/revisions\/3997"}],"wp:attachment":[{"href":"https:\/\/apitri.fr\/index.php\/wp-json\/wp\/v2\/media?parent=224"}],"curies":[{"name":"wp","href":"https:\/\/api.w.org\/{rel}","templated":true}]}}