{"id":2027,"date":"2020-01-11T16:39:39","date_gmt":"2020-01-11T15:39:39","guid":{"rendered":"http:\/\/apitri.fr\/?page_id=2027"},"modified":"2021-09-13T14:03:16","modified_gmt":"2021-09-13T12:03:16","slug":"elementor-2027","status":"publish","type":"page","link":"https:\/\/apitri.fr\/index.php\/elementor-2027\/","title":{"rendered":"XX Page acc\u00e9s Forum"},"content":{"rendered":"\t\t<div data-elementor-type=\"wp-page\" data-elementor-id=\"2027\" class=\"elementor elementor-2027\" data-elementor-settings=\"[]\">\n\t\t\t\t\t\t<div class=\"elementor-inner\">\n\t\t\t\t\t\t\t<div class=\"elementor-section-wrap\">\n\t\t\t\t\t\t\t<section class=\"elementor-section elementor-top-section elementor-element elementor-element-516bec49 elementor-section-boxed elementor-section-height-default elementor-section-height-default\" data-id=\"516bec49\" data-element_type=\"section\">\n\t\t\t\t\t\t<div class=\"elementor-container elementor-column-gap-default\">\n\t\t\t\t\t\t\t<div class=\"elementor-row\">\n\t\t\t\t\t<div class=\"elementor-column elementor-col-100 elementor-top-column elementor-element elementor-element-174d50a8\" data-id=\"174d50a8\" data-element_type=\"column\">\n\t\t\t<div class=\"elementor-column-wrap elementor-element-populated\">\n\t\t\t\t\t\t\t<div class=\"elementor-widget-wrap\">\n\t\t\t\t\t\t<div class=\"elementor-element elementor-element-16a49413 elementor-widget elementor-widget-text-editor\" data-id=\"16a49413\" data-element_type=\"widget\" data-widget_type=\"text-editor.default\">\n\t\t\t\t<div class=\"elementor-widget-container\">\n\t\t\t\t\t<div class=\"elementor-text-editor elementor-clearfix\"><!-- wp:themeisle-blocks\/advanced-columns {\"id\":\"wp-block-themeisle-blocks-advanced-columns-c5d70622\"} -->\n<div class=\"wp-block-themeisle-blocks-advanced-columns has-undefined-columns has-desktop-undefined-layout has-tablet-equal-layout has-mobile-equal-layout has-default-gap has-vertical-unset\" id=\"wp-block-themeisle-blocks-advanced-columns-c5d70622\" style=\"border-width:0px;border-style:solid;border-color:#000000;border-radius:0px;justify-content:unset\"><div class=\"wp-themeisle-block-overlay\" style=\"opacity:0.5;mix-blend-mode:normal\"><\/div><div class=\"innerblocks-wrap\"><\/div><\/div>\n<!-- \/wp:themeisle-blocks\/advanced-columns --><\/div>\n\t\t\t\t<\/div>\n\t\t\t\t<\/div>\n\t\t\t\t\t\t<\/div>\n\t\t\t\t\t<\/div>\n\t\t<\/div>\n\t\t\t\t\t\t\t\t<\/div>\n\t\t\t\t\t<\/div>\n\t\t<\/section>\n\t\t\t\t<section class=\"elementor-section elementor-top-section elementor-element elementor-element-e86ace5 elementor-section-boxed elementor-section-height-default elementor-section-height-default\" data-id=\"e86ace5\" data-element_type=\"section\">\n\t\t\t\t\t\t<div class=\"elementor-container elementor-column-gap-default\">\n\t\t\t\t\t\t\t<div class=\"elementor-row\">\n\t\t\t\t\t<div class=\"elementor-column elementor-col-50 elementor-top-column elementor-element elementor-element-eb1676e\" data-id=\"eb1676e\" data-element_type=\"column\">\n\t\t\t<div class=\"elementor-column-wrap elementor-element-populated\">\n\t\t\t\t\t\t\t<div class=\"elementor-widget-wrap\">\n\t\t\t\t\t\t<div class=\"elementor-element elementor-element-fa21af0 elementor-widget elementor-widget-image\" data-id=\"fa21af0\" data-element_type=\"widget\" data-widget_type=\"image.default\">\n\t\t\t\t<div class=\"elementor-widget-container\">\n\t\t\t\t\t<div class=\"elementor-image\">\n\t\t\t\t\t\t\t\t\t\t\t<a href=\"http:\/\/apitri.fr\/index.php\/forums\/forum\/sortie\">\n\t\t\t\t\t\t\t<img width=\"667\" height=\"500\" src=\"https:\/\/apitri.fr\/wp-content\/uploads\/2020\/01\/apitri-06.jpg\" class=\"attachment-medium_large size-medium_large\" alt=\"\" loading=\"lazy\" srcset=\"https:\/\/apitri.fr\/wp-content\/uploads\/2020\/01\/apitri-06.jpg 667w, https:\/\/apitri.fr\/wp-content\/uploads\/2020\/01\/apitri-06-300x225.jpg 300w\" sizes=\"(max-width: 667px) 100vw, 667px\" \/>\t\t\t\t\t\t\t\t<\/a>\n\t\t\t\t\t\t\t\t\t\t\t<\/div>\n\t\t\t\t<\/div>\n\t\t\t\t<\/div>\n\t\t\t\t<div class=\"elementor-element elementor-element-3098c2f elementor-widget elementor-widget-text-editor\" data-id=\"3098c2f\" data-element_type=\"widget\" data-widget_type=\"text-editor.default\">\n\t\t\t\t<div class=\"elementor-widget-container\">\n\t\t\t\t\t<div class=\"elementor-text-editor elementor-clearfix\"><p style=\"text-align: center;\"><a href=\"http:\/\/apitri.fr\/index.php\/forums\/forum\/sortie\" data-wplink-edit=\"true\">Infos sorties entrainements libres<\/a><\/p><\/div>\n\t\t\t\t<\/div>\n\t\t\t\t<\/div>\n\t\t\t\t<div class=\"elementor-element elementor-element-efa7bd8 elementor-widget elementor-widget-text-editor\" data-id=\"efa7bd8\" data-element_type=\"widget\" data-widget_type=\"text-editor.default\">\n\t\t\t\t<div class=\"elementor-widget-container\">\n\t\t\t\t\t<div class=\"elementor-text-editor elementor-clearfix\"><p>Partagez vos propositions d&rsquo;entrainements avec la team API TRI<\/p><\/div>\n\t\t\t\t<\/div>\n\t\t\t\t<\/div>\n\t\t\t\t\t\t<\/div>\n\t\t\t\t\t<\/div>\n\t\t<\/div>\n\t\t\t\t<div class=\"elementor-column elementor-col-50 elementor-top-column elementor-element elementor-element-2e05ce5\" data-id=\"2e05ce5\" data-element_type=\"column\">\n\t\t\t<div class=\"elementor-column-wrap elementor-element-populated\">\n\t\t\t\t\t\t\t<div class=\"elementor-widget-wrap\">\n\t\t\t\t\t\t<div class=\"elementor-element elementor-element-95899c7 elementor-widget elementor-widget-image\" data-id=\"95899c7\" data-element_type=\"widget\" data-widget_type=\"image.default\">\n\t\t\t\t<div class=\"elementor-widget-container\">\n\t\t\t\t\t<div class=\"elementor-image\">\n\t\t\t\t\t\t\t\t\t\t\t<a href=\"http:\/\/apitri.fr\/index.php\/forums\/forum\/epreuves-et-competitions\/\">\n\t\t\t\t\t\t\t<img width=\"768\" height=\"576\" src=\"https:\/\/apitri.fr\/wp-content\/uploads\/2020\/01\/apitri-15-1-768x576.jpg\" class=\"attachment-medium_large size-medium_large\" alt=\"\" loading=\"lazy\" srcset=\"https:\/\/apitri.fr\/wp-content\/uploads\/2020\/01\/apitri-15-1-768x576.jpg 768w, https:\/\/apitri.fr\/wp-content\/uploads\/2020\/01\/apitri-15-1-300x225.jpg 300w, https:\/\/apitri.fr\/wp-content\/uploads\/2020\/01\/apitri-15-1.jpg 1024w\" sizes=\"(max-width: 768px) 100vw, 768px\" \/>\t\t\t\t\t\t\t\t<\/a>\n\t\t\t\t\t\t\t\t\t\t\t<\/div>\n\t\t\t\t<\/div>\n\t\t\t\t<\/div>\n\t\t\t\t<div class=\"elementor-element elementor-element-f634a3a elementor-widget elementor-widget-text-editor\" data-id=\"f634a3a\" data-element_type=\"widget\" data-widget_type=\"text-editor.default\">\n\t\t\t\t<div class=\"elementor-widget-container\">\n\t\t\t\t\t<div class=\"elementor-text-editor elementor-clearfix\"><p style=\"text-align: center;\"><a href=\"http:\/\/apitri.fr\/index.php\/forums\/forum\/epreuves-et-competitions\/\" data-wplink-edit=\"true\">Comp\u00e9titions<\/a><\/p><\/div>\n\t\t\t\t<\/div>\n\t\t\t\t<\/div>\n\t\t\t\t<div class=\"elementor-element elementor-element-9fc5b1d elementor-widget elementor-widget-text-editor\" data-id=\"9fc5b1d\" data-element_type=\"widget\" data-widget_type=\"text-editor.default\">\n\t\t\t\t<div class=\"elementor-widget-container\">\n\t\t\t\t\t<div class=\"elementor-text-editor elementor-clearfix\"><p>Challenges, courses, relais, &#8230; organisez vous !<\/p><\/div>\n\t\t\t\t<\/div>\n\t\t\t\t<\/div>\n\t\t\t\t\t\t<\/div>\n\t\t\t\t\t<\/div>\n\t\t<\/div>\n\t\t\t\t\t\t\t\t<\/div>\n\t\t\t\t\t<\/div>\n\t\t<\/section>\n\t\t\t\t<section class=\"elementor-section elementor-top-section elementor-element elementor-element-824945b elementor-section-boxed elementor-section-height-default elementor-section-height-default\" data-id=\"824945b\" data-element_type=\"section\">\n\t\t\t\t\t\t<div class=\"elementor-container elementor-column-gap-default\">\n\t\t\t\t\t\t\t<div class=\"elementor-row\">\n\t\t\t\t\t<div class=\"elementor-column elementor-col-50 elementor-top-column elementor-element elementor-element-a8026ba\" data-id=\"a8026ba\" data-element_type=\"column\">\n\t\t\t<div class=\"elementor-column-wrap elementor-element-populated\">\n\t\t\t\t\t\t\t<div class=\"elementor-widget-wrap\">\n\t\t\t\t\t\t<div class=\"elementor-element elementor-element-f23066e elementor-widget elementor-widget-image\" data-id=\"f23066e\" data-element_type=\"widget\" data-widget_type=\"image.default\">\n\t\t\t\t<div class=\"elementor-widget-container\">\n\t\t\t\t\t<div class=\"elementor-image\">\n\t\t\t\t\t\t\t\t\t\t\t<a href=\"http:\/\/apitri.fr\/index.php\/forums\/forum\/materiel-conseils-vente\/\">\n\t\t\t\t\t\t\t<img width=\"1024\" height=\"768\" src=\"https:\/\/apitri.fr\/wp-content\/uploads\/2020\/01\/apitri-10.jpg\" class=\"attachment-large size-large\" alt=\"\" loading=\"lazy\" srcset=\"https:\/\/apitri.fr\/wp-content\/uploads\/2020\/01\/apitri-10.jpg 1024w, https:\/\/apitri.fr\/wp-content\/uploads\/2020\/01\/apitri-10-300x225.jpg 300w, https:\/\/apitri.fr\/wp-content\/uploads\/2020\/01\/apitri-10-768x576.jpg 768w\" sizes=\"(max-width: 1024px) 100vw, 1024px\" \/>\t\t\t\t\t\t\t\t<\/a>\n\t\t\t\t\t\t\t\t\t\t\t<\/div>\n\t\t\t\t<\/div>\n\t\t\t\t<\/div>\n\t\t\t\t<div class=\"elementor-element elementor-element-b95f0c7 elementor-widget elementor-widget-text-editor\" data-id=\"b95f0c7\" data-element_type=\"widget\" data-widget_type=\"text-editor.default\">\n\t\t\t\t<div class=\"elementor-widget-container\">\n\t\t\t\t\t<div class=\"elementor-text-editor elementor-clearfix\"><p style=\"text-align: center;\"><a href=\"http:\/\/apitri.fr\/index.php\/forums\/forum\/materiel-conseils-vente\/\" data-wplink-edit=\"true\">Matos : vente \/ recherche<\/a><\/p><\/div>\n\t\t\t\t<\/div>\n\t\t\t\t<\/div>\n\t\t\t\t<div class=\"elementor-element elementor-element-12f81d2 elementor-widget elementor-widget-text-editor\" data-id=\"12f81d2\" data-element_type=\"widget\" data-widget_type=\"text-editor.default\">\n\t\t\t\t<div class=\"elementor-widget-container\">\n\t\t\t\t\t<div class=\"elementor-text-editor elementor-clearfix\"><p>V\u00e9lo \u00e0 vendre, recherche de combinaison n\u00e9opr\u00e8ne, besoin de conseil sur des baskets, \u00e9change,&#8230; A vous de jouer !<\/p><\/div>\n\t\t\t\t<\/div>\n\t\t\t\t<\/div>\n\t\t\t\t\t\t<\/div>\n\t\t\t\t\t<\/div>\n\t\t<\/div>\n\t\t\t\t<div class=\"elementor-column elementor-col-50 elementor-top-column elementor-element elementor-element-24cfaa1\" data-id=\"24cfaa1\" data-element_type=\"column\">\n\t\t\t<div class=\"elementor-column-wrap elementor-element-populated\">\n\t\t\t\t\t\t\t<div class=\"elementor-widget-wrap\">\n\t\t\t\t\t\t<div class=\"elementor-element elementor-element-ae38ccb elementor-widget elementor-widget-image\" data-id=\"ae38ccb\" data-element_type=\"widget\" data-widget_type=\"image.default\">\n\t\t\t\t<div class=\"elementor-widget-container\">\n\t\t\t\t\t<div class=\"elementor-image\">\n\t\t\t\t\t\t\t\t\t\t\t<a href=\"https:\/\/apitri.fr\/index.php\/forums\/forum\/api-party\/\">\n\t\t\t\t\t\t\t<img width=\"960\" height=\"720\" src=\"https:\/\/apitri.fr\/wp-content\/uploads\/2020\/01\/apitri-02.jpg\" class=\"attachment-large size-large\" alt=\"\" loading=\"lazy\" srcset=\"https:\/\/apitri.fr\/wp-content\/uploads\/2020\/01\/apitri-02.jpg 960w, https:\/\/apitri.fr\/wp-content\/uploads\/2020\/01\/apitri-02-300x225.jpg 300w, https:\/\/apitri.fr\/wp-content\/uploads\/2020\/01\/apitri-02-768x576.jpg 768w\" sizes=\"(max-width: 960px) 100vw, 960px\" \/>\t\t\t\t\t\t\t\t<\/a>\n\t\t\t\t\t\t\t\t\t\t\t<\/div>\n\t\t\t\t<\/div>\n\t\t\t\t<\/div>\n\t\t\t\t<div class=\"elementor-element elementor-element-d9e1df7 elementor-widget elementor-widget-text-editor\" data-id=\"d9e1df7\" data-element_type=\"widget\" data-widget_type=\"text-editor.default\">\n\t\t\t\t<div class=\"elementor-widget-container\">\n\t\t\t\t\t<div class=\"elementor-text-editor elementor-clearfix\"><p style=\"text-align: center;\"><a href=\"https:\/\/apitri.fr\/index.php\/forums\/forum\/api-party\/\">Sorties, RDV de derni\u00e8res minutes<\/a><\/p><\/div>\n\t\t\t\t<\/div>\n\t\t\t\t<\/div>\n\t\t\t\t<div class=\"elementor-element elementor-element-cd037b2 elementor-widget elementor-widget-text-editor\" data-id=\"cd037b2\" data-element_type=\"widget\" data-widget_type=\"text-editor.default\">\n\t\t\t\t<div class=\"elementor-widget-container\">\n\t\t\t\t\t<div class=\"elementor-text-editor elementor-clearfix\"><p>Tout ce qu&rsquo;il faut savoir ou proposer \u00e0 propos des \u00e9v\u00e9nements festifs d&rsquo;API TRI<\/p><\/div>\n\t\t\t\t<\/div>\n\t\t\t\t<\/div>\n\t\t\t\t\t\t<\/div>\n\t\t\t\t\t<\/div>\n\t\t<\/div>\n\t\t\t\t\t\t\t\t<\/div>\n\t\t\t\t\t<\/div>\n\t\t<\/section>\n\t\t\t\t\t\t<\/div>\n\t\t\t\t\t\t<\/div>\n\t\t\t\t\t<\/div>\n\t\t","protected":false},"excerpt":{"rendered":"<p>Infos sorties entrainements libres Partagez vos propositions d&rsquo;entrainements avec la team API TRI Comp\u00e9titions Challenges, courses, relais, &#8230; organisez vous ! Matos : vente \/ recherche V\u00e9lo \u00e0 vendre, recherche de combinaison n\u00e9opr\u00e8ne, besoin de conseil sur des baskets, \u00e9change,&#8230; A vous de jouer ! Sorties, RDV de derni\u00e8res minutes Tout ce qu&rsquo;il faut savoir&hellip;&nbsp;<a href=\"https:\/\/apitri.fr\/index.php\/elementor-2027\/\" class=\"\" rel=\"bookmark\">Lire la suite &raquo;<span class=\"screen-reader-text\">XX Page acc\u00e9s Forum<\/span><\/a><\/p>\n","protected":false},"author":1,"featured_media":0,"parent":0,"menu_order":0,"comment_status":"closed","ping_status":"closed","template":"page-templates\/template-pagebuilder-full-width.php","meta":{"_bbp_topic_count":0,"_bbp_reply_count":0,"_bbp_total_topic_count":0,"_bbp_total_reply_count":0,"_bbp_voice_count":0,"_bbp_anonymous_reply_count":0,"_bbp_topic_count_hidden":0,"_bbp_reply_count_hidden":0,"_bbp_forum_subforum_count":0,"neve_meta_sidebar":"full-width","neve_meta_container":"","neve_meta_enable_content_width":"on","neve_meta_content_width":100,"neve_meta_title_alignment":"","neve_meta_author_avatar":"","neve_post_elements_order":"","neve_meta_disable_header":"","neve_meta_disable_footer":"","neve_meta_disable_title":""},"_links":{"self":[{"href":"https:\/\/apitri.fr\/index.php\/wp-json\/wp\/v2\/pages\/2027"}],"collection":[{"href":"https:\/\/apitri.fr\/index.php\/wp-json\/wp\/v2\/pages"}],"about":[{"href":"https:\/\/apitri.fr\/index.php\/wp-json\/wp\/v2\/types\/page"}],"author":[{"embeddable":true,"href":"https:\/\/apitri.fr\/index.php\/wp-json\/wp\/v2\/users\/1"}],"replies":[{"embeddable":true,"href":"https:\/\/apitri.fr\/index.php\/wp-json\/wp\/v2\/comments?post=2027"}],"version-history":[{"count":12,"href":"https:\/\/apitri.fr\/index.php\/wp-json\/wp\/v2\/pages\/2027\/revisions"}],"predecessor-version":[{"id":3044,"href":"https:\/\/apitri.fr\/index.php\/wp-json\/wp\/v2\/pages\/2027\/revisions\/3044"}],"wp:attachment":[{"href":"https:\/\/apitri.fr\/index.php\/wp-json\/wp\/v2\/media?parent=2027"}],"curies":[{"name":"wp","href":"https:\/\/api.w.org\/{rel}","templated":true}]}}