{"id":199,"date":"2017-02-24T11:05:17","date_gmt":"2017-02-24T10:05:17","guid":{"rendered":"http:\/\/apitri.fr\/?page_id=199"},"modified":"2025-09-05T12:51:15","modified_gmt":"2025-09-05T10:51:15","slug":"le-bureau-directeur","status":"publish","type":"page","link":"https:\/\/apitri.fr\/index.php\/le-bureau-directeur\/","title":{"rendered":"Le bureau"},"content":{"rendered":"\t\t<div data-elementor-type=\"wp-page\" data-elementor-id=\"199\" class=\"elementor elementor-199\" data-elementor-settings=\"[]\">\n\t\t\t\t\t\t<div class=\"elementor-inner\">\n\t\t\t\t\t\t\t<div class=\"elementor-section-wrap\">\n\t\t\t\t\t\t\t<section class=\"elementor-section elementor-top-section elementor-element elementor-element-ff540f2 elementor-section-boxed elementor-section-height-default elementor-section-height-default\" data-id=\"ff540f2\" data-element_type=\"section\">\n\t\t\t\t\t\t<div class=\"elementor-container elementor-column-gap-default\">\n\t\t\t\t\t\t\t<div class=\"elementor-row\">\n\t\t\t\t\t<div class=\"elementor-column elementor-col-100 elementor-top-column elementor-element elementor-element-432fcfd\" data-id=\"432fcfd\" data-element_type=\"column\">\n\t\t\t<div class=\"elementor-column-wrap elementor-element-populated\">\n\t\t\t\t\t\t\t<div class=\"elementor-widget-wrap\">\n\t\t\t\t\t\t<div class=\"elementor-element elementor-element-59ef63c elementor-widget elementor-widget-image\" data-id=\"59ef63c\" data-element_type=\"widget\" data-widget_type=\"image.default\">\n\t\t\t\t<div class=\"elementor-widget-container\">\n\t\t\t\t\t<div class=\"elementor-image\">\n\t\t\t\t\t\t\t\t\t\t<img width=\"200\" height=\"152\" src=\"https:\/\/apitri.fr\/wp-content\/uploads\/2021\/08\/cropped-logo-02-1.png\" class=\"attachment-large size-large\" alt=\"\" loading=\"lazy\" \/>\t\t\t\t\t\t\t\t\t\t\t<\/div>\n\t\t\t\t<\/div>\n\t\t\t\t<\/div>\n\t\t\t\t\t\t<\/div>\n\t\t\t\t\t<\/div>\n\t\t<\/div>\n\t\t\t\t\t\t\t\t<\/div>\n\t\t\t\t\t<\/div>\n\t\t<\/section>\n\t\t\t\t<section class=\"elementor-section elementor-top-section elementor-element elementor-element-3e0953d elementor-section-boxed elementor-section-height-default elementor-section-height-default\" data-id=\"3e0953d\" data-element_type=\"section\">\n\t\t\t\t\t\t<div class=\"elementor-container elementor-column-gap-default\">\n\t\t\t\t\t\t\t<div class=\"elementor-row\">\n\t\t\t\t\t<div class=\"elementor-column elementor-col-100 elementor-top-column elementor-element elementor-element-8a5028f\" data-id=\"8a5028f\" data-element_type=\"column\">\n\t\t\t<div class=\"elementor-column-wrap elementor-element-populated\">\n\t\t\t\t\t\t\t<div class=\"elementor-widget-wrap\">\n\t\t\t\t\t\t<div class=\"elementor-element elementor-element-d9b1318 elementor-widget elementor-widget-heading\" data-id=\"d9b1318\" data-element_type=\"widget\" data-widget_type=\"heading.default\">\n\t\t\t\t<div class=\"elementor-widget-container\">\n\t\t\t<h2 class=\"elementor-heading-title elementor-size-default\">QUI SOMMES-NOUS ?<\/h2>\t\t<\/div>\n\t\t\t\t<\/div>\n\t\t\t\t<div class=\"elementor-element elementor-element-9bbdd24 elementor-widget elementor-widget-text-editor\" data-id=\"9bbdd24\" data-element_type=\"widget\" data-widget_type=\"text-editor.default\">\n\t\t\t\t<div class=\"elementor-widget-container\">\n\t\t\t\t\t<div class=\"elementor-text-editor elementor-clearfix\"><h3><strong>Le bureau<\/strong><\/h3><\/div>\n\t\t\t\t<\/div>\n\t\t\t\t<\/div>\n\t\t\t\t<div class=\"elementor-element elementor-element-f3fb503 elementor-widget elementor-widget-text-editor\" data-id=\"f3fb503\" data-element_type=\"widget\" data-widget_type=\"text-editor.default\">\n\t\t\t\t<div class=\"elementor-widget-container\">\n\t\t\t\t\t<div class=\"elementor-text-editor elementor-clearfix\"><p style=\"text-align: center;\"><strong>2016 &#8211; une bande de copains, tous passionn\u00e9s de challenges sportifs,<\/strong><br \/><strong>d\u00e9cident de franchir le cap, de se lancer dans l&rsquo;aventure des sports encha\u00een\u00e9s<\/strong><br \/><strong>et de cr\u00e9er leur propre structure associative.<\/strong><br \/><strong>API TRI est n\u00e9e.<\/strong><\/p><p style=\"text-align: center;\"><span style=\"text-decoration: underline;\">Vice Pr\u00e9sident<\/span> : <strong>St\u00e9phane Chemin<br \/><\/strong>Directeur d&rsquo;un service des Sports.<br \/>Sport pratiqu\u00e9s : Natation \u00e0 haut niveau, trailer passionn\u00e9 aujourd&rsquo;hui. Double finisher de la Saint\u00e9Lyon.<br \/>Coach natation\/v\u00e9lo des kids<\/p><p style=\"text-align: center;\"><span style=\"text-decoration: underline;\">Tr\u00e9sorier<\/span> : <strong>Pierre-Antoine DUMENIL<br \/><\/strong>Responsable comptabilit\u00e9.<br \/>C&rsquo;est LE finisher du club, une centaine de courses \u00e0 son actif dont des Ironmans.<\/p><p style=\"text-align: center;\"><span style=\"text-decoration: underline;\">Pr\u00e9sident<\/span> : <strong>Serge Perroud<br \/><\/strong>Sports pratiqu\u00e9s : Natation, water polo, ski de vitesse (2 podiums Mondiaux),<br \/>Cyclisme : recordman sur 5 km. Finisher de plusieurs Ironman.<br \/>Coach natation et natation\/v\u00e9lo des kids<\/p><p><span style=\"text-decoration: underline;\">Secr\u00e9taire <\/span>: <strong>Thomas Devred<br \/><\/strong>Trailer passionn\u00e9, les triathlons sont devenus \u00e9galement des challenges perso.<\/p><p style=\"text-align: center;\"><span style=\"text-decoration: underline;\">Membre du bureau<\/span> : <strong>Fr\u00e9d\u00e9ric Richer<br \/><\/strong>Notre marathonien aime les d\u00e9fis triathlons \u00e0 fort d\u00e9nivel\u00e9.<\/p><p><span style=\"font-size: medium;\"><u>Membre du bureau <\/u>: <strong>Perrine PIJOLAT<br \/><\/strong>Adepte du triple effort sur les courtes distances du XS au M vous la croiserez souvent sur les podiums.<br \/>Les belles tenues APITRI, c\u2019est elle !<strong><br \/><\/strong><\/span><\/p><p><span style=\"font-size: medium;\"><u>Membre du bureau <\/u>: <strong>Lionel Biau<br \/><\/strong><\/span><span style=\"font-size: medium;\">Passionn\u00e9 incontest\u00e9 du triple effort, finisher de plusieurs Ironman et qualifi\u00e9 pour les Mondiaux en X-Terra,<br \/>il souhaite aussi s\u2019investir dans l\u2019\u00e9volution du club.<\/span><\/p><p><span style=\"font-size: medium;\"><u>Membre du bureau <\/u>: <strong>Marc MARCETTEAU<\/strong><br \/>Plut\u00f4t adepte de la longue distance, pratique sur IRONMAN et trails locaux, plusieurs fois finisher de la Saint\u00e9Lyon.<\/span><\/p><p style=\"text-align: center;\">\u00a0<\/p><\/div>\n\t\t\t\t<\/div>\n\t\t\t\t<\/div>\n\t\t\t\t\t\t<\/div>\n\t\t\t\t\t<\/div>\n\t\t<\/div>\n\t\t\t\t\t\t\t\t<\/div>\n\t\t\t\t\t<\/div>\n\t\t<\/section>\n\t\t\t\t\t\t<\/div>\n\t\t\t\t\t\t<\/div>\n\t\t\t\t\t<\/div>\n\t\t","protected":false},"excerpt":{"rendered":"<p>QUI SOMMES-NOUS ? Le bureau 2016 &#8211; une bande de copains, tous passionn\u00e9s de challenges sportifs,d\u00e9cident de franchir le cap, de se lancer dans l&rsquo;aventure des sports encha\u00een\u00e9set de cr\u00e9er leur propre structure associative.API TRI est n\u00e9e. Vice Pr\u00e9sident : St\u00e9phane CheminDirecteur d&rsquo;un service des Sports.Sport pratiqu\u00e9s : Natation \u00e0 haut niveau, trailer passionn\u00e9 aujourd&rsquo;hui.&hellip;&nbsp;<a href=\"https:\/\/apitri.fr\/index.php\/le-bureau-directeur\/\" class=\"\" rel=\"bookmark\">Lire la suite &raquo;<span class=\"screen-reader-text\">Le bureau<\/span><\/a><\/p>\n","protected":false},"author":1,"featured_media":0,"parent":0,"menu_order":0,"comment_status":"closed","ping_status":"closed","template":"page-templates\/template-pagebuilder-full-width.php","meta":{"_bbp_topic_count":0,"_bbp_reply_count":0,"_bbp_total_topic_count":0,"_bbp_total_reply_count":0,"_bbp_voice_count":0,"_bbp_anonymous_reply_count":0,"_bbp_topic_count_hidden":0,"_bbp_reply_count_hidden":0,"_bbp_forum_subforum_count":0,"neve_meta_sidebar":"","neve_meta_container":"","neve_meta_enable_content_width":"","neve_meta_content_width":0,"neve_meta_title_alignment":"","neve_meta_author_avatar":"","neve_post_elements_order":"","neve_meta_disable_header":"","neve_meta_disable_footer":"","neve_meta_disable_title":""},"_links":{"self":[{"href":"https:\/\/apitri.fr\/index.php\/wp-json\/wp\/v2\/pages\/199"}],"collection":[{"href":"https:\/\/apitri.fr\/index.php\/wp-json\/wp\/v2\/pages"}],"about":[{"href":"https:\/\/apitri.fr\/index.php\/wp-json\/wp\/v2\/types\/page"}],"author":[{"embeddable":true,"href":"https:\/\/apitri.fr\/index.php\/wp-json\/wp\/v2\/users\/1"}],"replies":[{"embeddable":true,"href":"https:\/\/apitri.fr\/index.php\/wp-json\/wp\/v2\/comments?post=199"}],"version-history":[{"count":57,"href":"https:\/\/apitri.fr\/index.php\/wp-json\/wp\/v2\/pages\/199\/revisions"}],"predecessor-version":[{"id":3917,"href":"https:\/\/apitri.fr\/index.php\/wp-json\/wp\/v2\/pages\/199\/revisions\/3917"}],"wp:attachment":[{"href":"https:\/\/apitri.fr\/index.php\/wp-json\/wp\/v2\/media?parent=199"}],"curies":[{"name":"wp","href":"https:\/\/api.w.org\/{rel}","templated":true}]}}